{"id":2408,"date":"2026-03-05T06:42:54","date_gmt":"2026-03-05T06:42:54","guid":{"rendered":"https:\/\/sidg.ch\/projets\/"},"modified":"2026-03-31T05:41:21","modified_gmt":"2026-03-31T05:41:21","slug":"projets","status":"publish","type":"page","link":"https:\/\/sidg.ch\/fr\/projets\/","title":{"rendered":"Projets"},"content":{"rendered":"\t\t<div data-elementor-type=\"wp-page\" data-elementor-id=\"2408\" class=\"elementor elementor-2408 elementor-429\" data-elementor-post-type=\"page\">\n\t\t\t\t<div class=\"elementor-element elementor-element-136b704 e-flex e-con-boxed e-con e-parent\" data-id=\"136b704\" data-element_type=\"container\" data-e-type=\"container\">\n\t\t\t\t\t<div class=\"e-con-inner\">\n\t\t<div class=\"elementor-element elementor-element-4b3ded6 e-con-full e-flex e-con e-child\" data-id=\"4b3ded6\" data-element_type=\"container\" data-e-type=\"container\">\n\t\t\t\t<div class=\"elementor-element elementor-element-bd44330 elementor-widget elementor-widget-shortcode\" data-id=\"bd44330\" data-element_type=\"widget\" data-e-type=\"widget\" data-widget_type=\"shortcode.default\">\n\t\t\t\t\t\t\t<div class=\"elementor-shortcode\"><nav aria-label=\"breadcrumbs\" class=\"rank-math-breadcrumb\"><p><span class=\"last\">Home<\/span><\/p><\/nav><\/div>\n\t\t\t\t\t\t<\/div>\n\t\t<div class=\"elementor-element elementor-element-da5479a e-con-full e-flex e-con e-child\" data-id=\"da5479a\" data-element_type=\"container\" data-e-type=\"container\">\n\t\t\t\t<div class=\"elementor-element elementor-element-84e5a21 elementor-widget elementor-widget-heading\" data-id=\"84e5a21\" data-element_type=\"widget\" data-e-type=\"widget\" data-widget_type=\"heading.default\">\n\t\t\t\t\t<div class=\"elementor-heading-title elementor-size-default\">Projets<\/div>\t\t\t\t<\/div>\n\t\t\t\t<div class=\"elementor-element elementor-element-dda4a3a elementor-widget elementor-widget-heading\" data-id=\"dda4a3a\" data-element_type=\"widget\" data-e-type=\"widget\" data-widget_type=\"heading.default\">\n\t\t\t\t\t<h1 class=\"elementor-heading-title elementor-size-default\">Projets et initiatives de Swiss Internet &amp; Digital Governance<\/h1>\t\t\t\t<\/div>\n\t\t\t\t<div class=\"elementor-element elementor-element-7e3b803 elementor-widget elementor-widget-text-editor\" data-id=\"7e3b803\" data-element_type=\"widget\" data-e-type=\"widget\" data-widget_type=\"text-editor.default\">\n\t\t\t\t\t\t\t\t\t<p>Le SIDG lance et soutient des projets visant \u00e0 renforcer les \u00e9changes sur la gouvernance de l&rsquo;Internet et du num\u00e9rique en Suisse et \u00e0 traduire diff\u00e9rentes perspectives en actions concr\u00e8tes.<\/p>\t\t\t\t\t\t\t\t<\/div>\n\t\t\t\t<\/div>\n\t\t\t\t<\/div>\n\t\t\t\t<div class=\"elementor-element elementor-element-79c513a elementor-widget__width-initial elementor-widget-tablet__width-inherit elementor-widget elementor-widget-image\" data-id=\"79c513a\" data-element_type=\"widget\" data-e-type=\"widget\" data-widget_type=\"image.default\">\n\t\t\t\t\t\t\t\t\t\t\t\t\t\t\t<img fetchpriority=\"high\" decoding=\"async\" width=\"1770\" height=\"1920\" src=\"https:\/\/sidg.ch\/wp-content\/uploads\/2026\/03\/Rectangle-10-2.png\" class=\"attachment-full size-full wp-image-2407\" alt=\"Portraits de femmes\" srcset=\"https:\/\/sidg.ch\/wp-content\/uploads\/2026\/03\/Rectangle-10-2.png 1770w, https:\/\/sidg.ch\/wp-content\/uploads\/2026\/03\/Rectangle-10-2-277x300.png 277w, https:\/\/sidg.ch\/wp-content\/uploads\/2026\/03\/Rectangle-10-2-944x1024.png 944w, https:\/\/sidg.ch\/wp-content\/uploads\/2026\/03\/Rectangle-10-2-768x833.png 768w, https:\/\/sidg.ch\/wp-content\/uploads\/2026\/03\/Rectangle-10-2-1416x1536.png 1416w\" sizes=\"(max-width: 1770px) 100vw, 1770px\" \/>\t\t\t\t\t\t\t\t\t\t\t\t\t\t\t<\/div>\n\t\t\t\t\t<\/div>\n\t\t\t\t<\/div>\n\t\t<div class=\"elementor-element elementor-element-9f3274b e-flex e-con-boxed e-con e-parent\" data-id=\"9f3274b\" data-element_type=\"container\" data-e-type=\"container\">\n\t\t\t\t\t<div class=\"e-con-inner\">\n\t\t<div class=\"elementor-element elementor-element-a9e84a0 e-con-full e-flex e-con e-child\" data-id=\"a9e84a0\" data-element_type=\"container\" data-e-type=\"container\">\n\t\t\t\t<div class=\"elementor-element elementor-element-8af2aaf elementor-widget elementor-widget-heading\" data-id=\"8af2aaf\" data-element_type=\"widget\" data-e-type=\"widget\" data-widget_type=\"heading.default\">\n\t\t\t\t\t<div class=\"elementor-heading-title elementor-size-default\">Vue d\u2019ensemble<\/div>\t\t\t\t<\/div>\n\t\t\t\t<div class=\"elementor-element elementor-element-3bbb6b3 elementor-widget__width-inherit elementor-widget elementor-widget-heading\" data-id=\"3bbb6b3\" data-element_type=\"widget\" data-e-type=\"widget\" data-widget_type=\"heading.default\">\n\t\t\t\t\t<h2 class=\"elementor-heading-title elementor-size-default\">Nos <b>projets<\/b><\/h2>\t\t\t\t<\/div>\n\t\t\t\t<div class=\"elementor-element elementor-element-77663d7 elementor-widget elementor-widget-text-editor\" data-id=\"77663d7\" data-element_type=\"widget\" data-e-type=\"widget\" data-widget_type=\"text-editor.default\">\n\t\t\t\t\t\t\t\t\t<p>Vous trouverez ici les projets en cours et termin\u00e9s de la SIDG ainsi que des activit\u00e9s s\u00e9lectionn\u00e9es dans le domaine de la gouvernance de l\u2019Internet et du num\u00e9rique. Cette vue d\u2019ensemble est mise \u00e0 jour en continu.<\/p>\t\t\t\t\t\t\t\t<\/div>\n\t\t\t\t<\/div>\n\t\t\t\t<div class=\"elementor-element elementor-element-544b070 elementor-widget elementor-widget-taxonomy-filter\" data-id=\"544b070\" data-element_type=\"widget\" data-e-type=\"widget\" data-settings=\"{&quot;selected_element&quot;:&quot;e7f283c&quot;,&quot;taxonomy&quot;:&quot;projektart&quot;,&quot;horizontal_scroll_mobile&quot;:&quot;disable&quot;,&quot;item_alignment_horizontal_mobile&quot;:&quot;stretch&quot;,&quot;multiple_selection&quot;:&quot;no&quot;,&quot;horizontal_scroll&quot;:&quot;disable&quot;}\" data-widget_type=\"taxonomy-filter.default\">\n\t\t\t\t\t\t\t<search class=\"e-filter\" role=\"search\" data-base-url=\"https:\/\/sidg.ch\/fr\/\" data-page-num=\"1\">\n\t\t\t\t\t\t\t<button class=\"e-filter-item\" data-filter=\"projets-acheves\" aria-pressed=\"false\">Projets achev\u00e9s<\/button>\n\t\t\t\n\t\t\t\t\t\t\t\t\t<button class=\"e-filter-item\" data-filter=\"__all\" aria-pressed=\"true\">\n\t\t\t\tTout afficher\t\t\t<\/button>\n\t\t\t\t\t<\/search>\n\t\t\t\t\t\t<\/div>\n\t\t\t\t<div class=\"elementor-element elementor-element-e7f283c elementor-grid-2 elementor-grid-tablet-2 elementor-grid-mobile-1 elementor-widget elementor-widget-loop-grid\" data-id=\"e7f283c\" data-element_type=\"widget\" data-e-type=\"widget\" data-settings=\"{&quot;template_id&quot;:2245,&quot;columns&quot;:2,&quot;pagination_type&quot;:&quot;numbers_and_prev_next&quot;,&quot;row_gap&quot;:{&quot;unit&quot;:&quot;px&quot;,&quot;size&quot;:8,&quot;sizes&quot;:[]},&quot;pagination_load_type&quot;:&quot;ajax&quot;,&quot;_skin&quot;:&quot;post&quot;,&quot;columns_tablet&quot;:&quot;2&quot;,&quot;columns_mobile&quot;:&quot;1&quot;,&quot;edit_handle_selector&quot;:&quot;[data-elementor-type=\\&quot;loop-item\\&quot;]&quot;,&quot;row_gap_tablet&quot;:{&quot;unit&quot;:&quot;px&quot;,&quot;size&quot;:&quot;&quot;,&quot;sizes&quot;:[]},&quot;row_gap_mobile&quot;:{&quot;unit&quot;:&quot;px&quot;,&quot;size&quot;:&quot;&quot;,&quot;sizes&quot;:[]}}\" data-widget_type=\"loop-grid.post\">\n\t\t\t\t<div class=\"elementor-widget-container\">\n\t\t\t\t\t\t\t<div class=\"elementor-loop-container elementor-grid\" role=\"list\">\n\t\t<style id=\"loop-2245\">.elementor-2245 .elementor-element.elementor-element-83cdf72{--display:flex;--flex-direction:column;--container-widget-width:100%;--container-widget-height:initial;--container-widget-flex-grow:0;--container-widget-align-self:initial;--flex-wrap-mobile:wrap;--flex-wrap:wrap;--background-transition:0.3s;border-style:solid;--border-style:solid;border-width:1px 1px 1px 1px;--border-top-width:1px;--border-right-width:1px;--border-bottom-width:1px;--border-left-width:1px;border-color:var( --e-global-color-1a85a95 );--border-color:var( --e-global-color-1a85a95 );--border-radius:16px 16px 16px 16px;--padding-top:8px;--padding-bottom:8px;--padding-left:8px;--padding-right:8px;}.elementor-2245 .elementor-element.elementor-element-83cdf72:not(.elementor-motion-effects-element-type-background), .elementor-2245 .elementor-element.elementor-element-83cdf72 > .elementor-motion-effects-container > .elementor-motion-effects-layer{background-color:transparent;background-image:linear-gradient(180deg, var( --e-global-color-cbbd60c ) 0%, var( --e-global-color-cbbd60c ) 100%);}.elementor-2245 .elementor-element.elementor-element-83cdf72:hover{background-color:transparent;background-image:linear-gradient(180deg, var( --e-global-color-accent ) 0%, var( --e-global-color-cbbd60c ) 100%);}.elementor-2245 .elementor-element.elementor-element-83cdf72.e-con{--flex-grow:1;--flex-shrink:0;}.elementor-2245 .elementor-element.elementor-element-ae1a2a2 img{width:100%;height:327px;object-fit:cover;object-position:center center;border-radius:16px 16px 16px 16px;}.elementor-2245 .elementor-element.elementor-element-50742a3{--display:flex;--align-items:flex-start;--container-widget-width:calc( ( 1 - var( --container-widget-flex-grow ) ) * 100% );--gap:20px 20px;--row-gap:20px;--column-gap:20px;--padding-top:-1px;--padding-bottom:20px;--padding-left:12px;--padding-right:12px;}.elementor-2245 .elementor-element.elementor-element-50742a3.e-con{--align-self:center;}.elementor-2245 .elementor-element.elementor-element-30b72f2 .elementor-heading-title{font-size:var( --e-global-typography-text-font-size );font-weight:var( --e-global-typography-text-font-weight );line-height:var( --e-global-typography-text-line-height );letter-spacing:var( --e-global-typography-text-letter-spacing );}.elementor-2245 .elementor-element.elementor-element-30b72f2{margin:0px 0px calc(var(--kit-widget-spacing, 0px) + -16px) 0px;padding:8px 12px 8px 12px;background-color:var( --e-global-color-cbbd60c );border-style:solid;border-width:1px 1px 1px 1px;border-color:var( --e-global-color-1a85a95 );border-radius:8px 8px 8px 8px;}.elementor-2245 .elementor-element.elementor-element-7e18ee4{text-align:start;width:100%;max-width:100%;}.elementor-2245 .elementor-element.elementor-element-7e18ee4 .elementor-heading-title{font-family:\"Saans\", Sans-serif;font-size:clamp(1.5000rem, 0.4545vw + 1.3977rem, 1.7500rem);font-weight:600;line-height:1.2em;letter-spacing:clamp(-0.0150rem, -0.0045vw + -0.0140rem, -0.0175rem);}.elementor-2245 .elementor-element.elementor-element-3b9956d{margin:0rem 0rem calc(var(--kit-widget-spacing, 0px) + -0.9rem) 0rem;}.elementor-2245 .elementor-element.elementor-element-adb9949 .elementor-icon-box-wrapper{align-items:center;gap:8px;}.elementor-2245 .elementor-element.elementor-element-adb9949 .elementor-icon-box-title{margin-block-end:0px;}.elementor-2245 .elementor-element.elementor-element-adb9949.elementor-view-stacked .elementor-icon{background-color:var( --e-global-color-1a85a95 );}.elementor-2245 .elementor-element.elementor-element-adb9949.elementor-view-framed .elementor-icon, .elementor-2245 .elementor-element.elementor-element-adb9949.elementor-view-default .elementor-icon{fill:var( --e-global-color-1a85a95 );color:var( --e-global-color-1a85a95 );border-color:var( --e-global-color-1a85a95 );}.elementor-2245 .elementor-element.elementor-element-adb9949 .elementor-icon{font-size:6px;padding:7px;}@media(max-width:1024px){.elementor-2245 .elementor-element.elementor-element-30b72f2 .elementor-heading-title{font-size:var( --e-global-typography-text-font-size );line-height:var( --e-global-typography-text-line-height );letter-spacing:var( --e-global-typography-text-letter-spacing );}.elementor-2245 .elementor-element.elementor-element-7e18ee4 .elementor-heading-title{line-height:1.3em;}}@media(max-width:767px){.elementor-2245 .elementor-element.elementor-element-30b72f2 .elementor-heading-title{font-size:var( --e-global-typography-text-font-size );line-height:var( --e-global-typography-text-line-height );letter-spacing:var( --e-global-typography-text-letter-spacing );}}\/* Start custom CSS for container, class: .elementor-element-83cdf72 *\/.project-card:hover .elementor-icon-box-title{\n    color: #E42541;\n}\n.project-card:hover .elementor-icon,.project-card:hover .elementor-icon path{\n    background-color: #FFECEB!important;\n   stroke: #E42541;\n}\/* End custom CSS *\/<\/style>\t\t<div data-elementor-type=\"loop-item\" data-elementor-id=\"2245\" class=\"elementor elementor-2245 elementor-461 elementor-461 e-loop-item e-loop-item-2527 post-2527 projekt type-projekt status-publish has-post-thumbnail hentry\" data-elementor-post-type=\"elementor_library\" data-custom-edit-handle=\"1\">\n\t\t\t<a class=\"elementor-element elementor-element-83cdf72 e-con-full project-card e-flex e-con e-child\" data-id=\"83cdf72\" data-element_type=\"container\" data-e-type=\"container\" data-settings=\"{&quot;background_background&quot;:&quot;gradient&quot;}\">\n\t\t\t\t<div class=\"elementor-element elementor-element-ae1a2a2 elementor-widget elementor-widget-image\" data-id=\"ae1a2a2\" data-element_type=\"widget\" data-e-type=\"widget\" data-widget_type=\"image.default\">\n\t\t\t\t\t\t\t\t\t\t\t\t\t\t\t<img decoding=\"async\" width=\"1920\" height=\"1080\" src=\"https:\/\/sidg.ch\/wp-content\/uploads\/2026\/03\/161.png\" class=\"attachment-full size-full wp-image-2523\" alt=\"\" srcset=\"https:\/\/sidg.ch\/wp-content\/uploads\/2026\/03\/161.png 1920w, https:\/\/sidg.ch\/wp-content\/uploads\/2026\/03\/161-300x169.png 300w, https:\/\/sidg.ch\/wp-content\/uploads\/2026\/03\/161-1024x576.png 1024w, https:\/\/sidg.ch\/wp-content\/uploads\/2026\/03\/161-768x432.png 768w, https:\/\/sidg.ch\/wp-content\/uploads\/2026\/03\/161-1536x864.png 1536w\" sizes=\"(max-width: 1920px) 100vw, 1920px\" \/>\t\t\t\t\t\t\t\t\t\t\t\t\t\t\t<\/div>\n\t\t<div class=\"elementor-element elementor-element-50742a3 e-con-full e-flex e-con e-child\" data-id=\"50742a3\" data-element_type=\"container\" data-e-type=\"container\">\n\t\t\t\t<div class=\"elementor-element elementor-element-7e18ee4 elementor-widget__width-inherit elementor-widget elementor-widget-heading\" data-id=\"7e18ee4\" data-element_type=\"widget\" data-e-type=\"widget\" data-widget_type=\"heading.default\">\n\t\t\t\t\t<div class=\"elementor-heading-title elementor-size-default\">Swiss Youth IGF<\/div>\t\t\t\t<\/div>\n\t\t\t\t<div class=\"elementor-element elementor-element-3b9956d elementor-widget elementor-widget-theme-post-content\" data-id=\"3b9956d\" data-element_type=\"widget\" data-e-type=\"widget\" data-widget_type=\"theme-post-content.default\">\n\t\t\t\t\t<section class=\"av_textblock_section av-mcf8b3gm-52243a9641fa1ceb5086d55abf6c51f1 \">\n<div class=\"avia_textblock\">\n<section class=\"av_textblock_section av-lfv3ent1-8aeea446678773990b3e0f0238f80640 \">\n<div class=\"avia_textblock\">\n<div class=\"clearfix text-formatted field field--name-field-ba field--type-text-long field--label-hidden field__item\">\n<div class=\"container banner-text\">\n<div class=\"col-md-5\">Le Swiss Youth IGF est une plateforme ouverte et inclusive permettant aux jeunes en Suisse de discuter de la gouvernance de l\u2019Internet. Il est organis\u00e9 selon les principes de l\u2019IGF des Nations Unies (ouverture, approche ascendante, multipartisme, inclusivit\u00e9). L\u2019objectif est de d\u00e9velopper des messages de la jeunesse qui seront pr\u00e9sent\u00e9s lors du Swiss IGF, et d\u2019encourager les jeunes \u00e0 participer activement aux conf\u00e9rences de l\u2019IGF en Suisse et au-del\u00e0. L\u2019\u00e9dition 2025 aura lieu le 8 octobre de 16h00 \u00e0 19h00 HAEC, la veille du Swiss IGF principal. L\u2019inscription au Swiss Youth IGF inclut \u00e9galement la participation au Swiss IGF le lendemain.    <\/div>\n<\/div>\n<\/div>\n<\/div>\n<\/section>\n<\/div>\n<\/section>\n\n<p><\/p>\n\n<p><\/p>\n\n<p><\/p>\n\n<p><\/p>\n\n<p><\/p>\n\n<p><\/p>\n\t\t\t\t<\/div>\n\t\t\t\t<div class=\"elementor-element elementor-element-adb9949 elementor-view-stacked elementor-position-inline-end elementor-mobile-position-inline-end elementor-shape-circle elementor-widget elementor-widget-icon-box\" data-id=\"adb9949\" data-element_type=\"widget\" data-e-type=\"widget\" data-widget_type=\"icon-box.default\">\n\t\t\t\t\t\t\t<div class=\"elementor-icon-box-wrapper\">\n\n\t\t\t\t\t\t<div class=\"elementor-icon-box-icon\">\n\t\t\t\t<span  class=\"elementor-icon\">\n\t\t\t\t<svg xmlns=\"http:\/\/www.w3.org\/2000\/svg\" width=\"5\" height=\"7\" viewBox=\"0 0 5 7\" fill=\"none\"><path d=\"M0.5 6.5L3.5 3.5L0.5 0.5\" stroke=\"#3A3E47\" stroke-linecap=\"round\"><\/path><\/svg>\t\t\t\t<\/span>\n\t\t\t<\/div>\n\t\t\t\n\t\t\t\t\t\t<div class=\"elementor-icon-box-content\">\n\n\t\t\t\t\t\t\t\t\t<div class=\"elementor-icon-box-title\">\n\t\t\t\t\t\t<span  >\n\t\t\t\t\t\t\tVoir le projet\t\t\t\t\t\t<\/span>\n\t\t\t\t\t<\/div>\n\t\t\t\t\n\t\t\t\t\n\t\t\t<\/div>\n\t\t\t\n\t\t<\/div>\n\t\t\t\t\t\t<\/div>\n\t\t\t\t<\/div>\n\t\t\t\t<\/a>\n\t\t\t\t<\/div>\n\t\t\t\t<div data-elementor-type=\"loop-item\" data-elementor-id=\"2245\" class=\"elementor elementor-2245 elementor-461 elementor-461 e-loop-item e-loop-item-2519 post-2519 projekt type-projekt status-publish has-post-thumbnail hentry\" data-elementor-post-type=\"elementor_library\" data-custom-edit-handle=\"1\">\n\t\t\t<a class=\"elementor-element elementor-element-83cdf72 e-con-full project-card e-flex e-con e-child\" data-id=\"83cdf72\" data-element_type=\"container\" data-e-type=\"container\" data-settings=\"{&quot;background_background&quot;:&quot;gradient&quot;}\">\n\t\t\t\t<div class=\"elementor-element elementor-element-ae1a2a2 elementor-widget elementor-widget-image\" data-id=\"ae1a2a2\" data-element_type=\"widget\" data-e-type=\"widget\" data-widget_type=\"image.default\">\n\t\t\t\t\t\t\t\t\t\t\t\t\t\t\t<img decoding=\"async\" width=\"800\" height=\"533\" src=\"https:\/\/sidg.ch\/wp-content\/uploads\/2026\/03\/IGF-Konferenz.jpeg\" class=\"attachment-full size-full wp-image-2535\" alt=\"\" srcset=\"https:\/\/sidg.ch\/wp-content\/uploads\/2026\/03\/IGF-Konferenz.jpeg 800w, https:\/\/sidg.ch\/wp-content\/uploads\/2026\/03\/IGF-Konferenz-300x200.jpeg 300w, https:\/\/sidg.ch\/wp-content\/uploads\/2026\/03\/IGF-Konferenz-768x512.jpeg 768w\" sizes=\"(max-width: 800px) 100vw, 800px\" \/>\t\t\t\t\t\t\t\t\t\t\t\t\t\t\t<\/div>\n\t\t<div class=\"elementor-element elementor-element-50742a3 e-con-full e-flex e-con e-child\" data-id=\"50742a3\" data-element_type=\"container\" data-e-type=\"container\">\n\t\t\t\t<div class=\"elementor-element elementor-element-7e18ee4 elementor-widget__width-inherit elementor-widget elementor-widget-heading\" data-id=\"7e18ee4\" data-element_type=\"widget\" data-e-type=\"widget\" data-widget_type=\"heading.default\">\n\t\t\t\t\t<div class=\"elementor-heading-title elementor-size-default\">United Nations Internet Governance Forum (UN IGF) \u2013 Le processus IGF<\/div>\t\t\t\t<\/div>\n\t\t\t\t<div class=\"elementor-element elementor-element-3b9956d elementor-widget elementor-widget-theme-post-content\" data-id=\"3b9956d\" data-element_type=\"widget\" data-e-type=\"widget\" data-widget_type=\"theme-post-content.default\">\n\t\t\t\t\t<p>Le Swiss IGF est la d\u00e9clinaison nationale du Forum sur la gouvernance de l&rsquo;Internet des Nations Unies, le processus mondial au sein duquel toutes les parties prenantes s&rsquo;accordent sur la d\u00e9finition des r\u00e8gles du jeu sur Internet (\u00ab gouvernance de l&rsquo;Internet \u00bb). Le Forum mondial sur la gouvernance de l&rsquo;Internet a \u00e9t\u00e9 cr\u00e9\u00e9 en 2005 lors du Sommet mondial sur la soci\u00e9t\u00e9 de l&rsquo;information (SMSI) de l&rsquo;ONU. Depuis lors, de nombreux forums r\u00e9gionaux et nationaux se sont spontan\u00e9ment form\u00e9s. Au niveau r\u00e9gional \u2013 c&rsquo;est-\u00e0-dire paneurop\u00e9en \u2013 le processus IGF est men\u00e9 dans le cadre de l&rsquo;EuroDIG. Le Swiss IGF existe depuis 2015, est organis\u00e9 ind\u00e9pendamment des autres niveaux et se tient g\u00e9n\u00e9ralement chaque ann\u00e9e.    <\/p>\n\n<p><\/p>\n\t\t\t\t<\/div>\n\t\t\t\t<div class=\"elementor-element elementor-element-adb9949 elementor-view-stacked elementor-position-inline-end elementor-mobile-position-inline-end elementor-shape-circle elementor-widget elementor-widget-icon-box\" data-id=\"adb9949\" data-element_type=\"widget\" data-e-type=\"widget\" data-widget_type=\"icon-box.default\">\n\t\t\t\t\t\t\t<div class=\"elementor-icon-box-wrapper\">\n\n\t\t\t\t\t\t<div class=\"elementor-icon-box-icon\">\n\t\t\t\t<span  class=\"elementor-icon\">\n\t\t\t\t<svg xmlns=\"http:\/\/www.w3.org\/2000\/svg\" width=\"5\" height=\"7\" viewBox=\"0 0 5 7\" fill=\"none\"><path d=\"M0.5 6.5L3.5 3.5L0.5 0.5\" stroke=\"#3A3E47\" stroke-linecap=\"round\"><\/path><\/svg>\t\t\t\t<\/span>\n\t\t\t<\/div>\n\t\t\t\n\t\t\t\t\t\t<div class=\"elementor-icon-box-content\">\n\n\t\t\t\t\t\t\t\t\t<div class=\"elementor-icon-box-title\">\n\t\t\t\t\t\t<span  >\n\t\t\t\t\t\t\tVoir le projet\t\t\t\t\t\t<\/span>\n\t\t\t\t\t<\/div>\n\t\t\t\t\n\t\t\t\t\n\t\t\t<\/div>\n\t\t\t\n\t\t<\/div>\n\t\t\t\t\t\t<\/div>\n\t\t\t\t<\/div>\n\t\t\t\t<\/a>\n\t\t\t\t<\/div>\n\t\t\t\t<\/div>\n\t\t\n\t\t\t\t\t\t<\/div>\n\t\t\t\t<\/div>\n\t\t\t\t\t<\/div>\n\t\t\t\t<\/div>\n\t\t\t\t<\/div>\n\t\t","protected":false},"excerpt":{"rendered":"<p>Projets Projets et initiatives de Swiss Internet &amp; Digital Governance Le SIDG lance et soutient des projets visant \u00e0 renforcer les \u00e9changes sur la gouvernance de l&rsquo;Internet et du num\u00e9rique en Suisse et \u00e0 traduire diff\u00e9rentes perspectives en actions concr\u00e8tes. Vue d\u2019ensemble Nos projets Vous trouverez ici les projets en cours et termin\u00e9s de la [&hellip;]<\/p>\n","protected":false},"author":2,"featured_media":0,"parent":0,"menu_order":0,"comment_status":"closed","ping_status":"closed","template":"","meta":{"_acf_changed":false,"footnotes":""},"class_list":["post-2408","page","type-page","status-publish","hentry"],"acf":[],"_links":{"self":[{"href":"https:\/\/sidg.ch\/fr\/wp-json\/wp\/v2\/pages\/2408","targetHints":{"allow":["GET"]}}],"collection":[{"href":"https:\/\/sidg.ch\/fr\/wp-json\/wp\/v2\/pages"}],"about":[{"href":"https:\/\/sidg.ch\/fr\/wp-json\/wp\/v2\/types\/page"}],"author":[{"embeddable":true,"href":"https:\/\/sidg.ch\/fr\/wp-json\/wp\/v2\/users\/2"}],"replies":[{"embeddable":true,"href":"https:\/\/sidg.ch\/fr\/wp-json\/wp\/v2\/comments?post=2408"}],"version-history":[{"count":3,"href":"https:\/\/sidg.ch\/fr\/wp-json\/wp\/v2\/pages\/2408\/revisions"}],"predecessor-version":[{"id":2561,"href":"https:\/\/sidg.ch\/fr\/wp-json\/wp\/v2\/pages\/2408\/revisions\/2561"}],"wp:attachment":[{"href":"https:\/\/sidg.ch\/fr\/wp-json\/wp\/v2\/media?parent=2408"}],"curies":[{"name":"wp","href":"https:\/\/api.w.org\/{rel}","templated":true}]}}