{"id":2500,"date":"2026-03-05T10:01:46","date_gmt":"2026-03-05T10:01:46","guid":{"rendered":"https:\/\/sidg.ch\/mentions-legales\/"},"modified":"2026-03-30T13:55:45","modified_gmt":"2026-03-30T13:55:45","slug":"mentions-legales","status":"publish","type":"page","link":"https:\/\/sidg.ch\/fr\/mentions-legales\/","title":{"rendered":"Mentions l\u00e9gales"},"content":{"rendered":"\t\t<div data-elementor-type=\"wp-page\" data-elementor-id=\"2500\" class=\"elementor elementor-2500 elementor-571\" data-elementor-post-type=\"page\">\n\t\t\t\t<div class=\"elementor-element elementor-element-fdbe0b1 e-flex e-con-boxed e-con e-parent\" data-id=\"fdbe0b1\" data-element_type=\"container\" data-e-type=\"container\">\n\t\t\t\t\t<div class=\"e-con-inner\">\n\t\t\t\t<div class=\"elementor-element elementor-element-49896c3 elementor-widget elementor-widget-heading\" data-id=\"49896c3\" data-element_type=\"widget\" data-e-type=\"widget\" data-widget_type=\"heading.default\">\n\t\t\t\t\t<span class=\"elementor-heading-title elementor-size-default\"><b>Accueil &gt;<\/b> Mentions l\u00e9gales<\/span>\t\t\t\t<\/div>\n\t\t\t\t<div class=\"elementor-element elementor-element-6034ede elementor-widget elementor-widget-heading\" data-id=\"6034ede\" data-element_type=\"widget\" data-e-type=\"widget\" data-widget_type=\"heading.default\">\n\t\t\t\t\t<h1 class=\"elementor-heading-title elementor-size-default\">Mentions l\u00e9gales<\/h1>\t\t\t\t<\/div>\n\t\t\t\t<div class=\"elementor-element elementor-element-4eb066e elementor-widget elementor-widget-text-editor\" data-id=\"4eb066e\" data-element_type=\"widget\" data-e-type=\"widget\" data-widget_type=\"text-editor.default\">\n\t\t\t\t\t\t\t\t\t<p><b>Contact<\/b><br>Swiss Internet &amp; Digital Governance<br>Dennlerstrasse 7\u2028<br><span style=\"letter-spacing: -0.16px;\">8048 Zurich<br><\/span><span style=\"letter-spacing: -0.16px;\">Suisse\u2028<\/span><\/p>\n<p><b>E-mail :<\/b> info@igf.swiss<br><b>T\u00e9l\u00e9phone :<\/b> +41 \u2028<\/p>\n<p>Repr\u00e9sentants l\u00e9gaux<br>Jacques Beglinger, Pr\u00e9sident<br>Nicolas Zahn, Directeur <\/p>\n<p>R\u00e9alisation et conception du site web<br>Beyondweb GmbH\u2028<br>Suurstoffi 16<br>6343 Rotkreuz<br>Suisse<\/p>\n<p><b>Inscription au registre du commerce<\/b><br><b>Raison sociale enregistr\u00e9e :<\/b> Placeholder 1<br><b>Num\u00e9ro du registre du commerce :<\/b> Placeholder 2<\/p>\t\t\t\t\t\t\t\t<\/div>\n\t\t\t\t\t<\/div>\n\t\t\t\t<\/div>\n\t\t\t\t<\/div>\n\t\t","protected":false},"excerpt":{"rendered":"<p>Accueil &gt; Mentions l\u00e9gales Mentions l\u00e9gales ContactSwiss Internet &amp; Digital GovernanceDennlerstrasse 7\u20288048 ZurichSuisse\u2028 E-mail : info@igf.swissT\u00e9l\u00e9phone : +41 \u2028 Repr\u00e9sentants l\u00e9gauxJacques Beglinger, Pr\u00e9sidentNicolas Zahn, Directeur R\u00e9alisation et conception du site webBeyondweb GmbH\u2028Suurstoffi 166343 RotkreuzSuisse Inscription au registre du commerceRaison sociale enregistr\u00e9e : Placeholder 1Num\u00e9ro du registre du commerce : Placeholder 2<\/p>\n","protected":false},"author":2,"featured_media":0,"parent":0,"menu_order":0,"comment_status":"closed","ping_status":"closed","template":"","meta":{"_acf_changed":false,"footnotes":""},"class_list":["post-2500","page","type-page","status-publish","hentry"],"acf":[],"_links":{"self":[{"href":"https:\/\/sidg.ch\/fr\/wp-json\/wp\/v2\/pages\/2500","targetHints":{"allow":["GET"]}}],"collection":[{"href":"https:\/\/sidg.ch\/fr\/wp-json\/wp\/v2\/pages"}],"about":[{"href":"https:\/\/sidg.ch\/fr\/wp-json\/wp\/v2\/types\/page"}],"author":[{"embeddable":true,"href":"https:\/\/sidg.ch\/fr\/wp-json\/wp\/v2\/users\/2"}],"replies":[{"embeddable":true,"href":"https:\/\/sidg.ch\/fr\/wp-json\/wp\/v2\/comments?post=2500"}],"version-history":[{"count":1,"href":"https:\/\/sidg.ch\/fr\/wp-json\/wp\/v2\/pages\/2500\/revisions"}],"predecessor-version":[{"id":2501,"href":"https:\/\/sidg.ch\/fr\/wp-json\/wp\/v2\/pages\/2500\/revisions\/2501"}],"wp:attachment":[{"href":"https:\/\/sidg.ch\/fr\/wp-json\/wp\/v2\/media?parent=2500"}],"curies":[{"name":"wp","href":"https:\/\/api.w.org\/{rel}","templated":true}]}}